{"id":269,"date":"2024-06-04T18:00:33","date_gmt":"2024-06-04T16:00:33","guid":{"rendered":"https:\/\/kameleo-mobilier.be\/?post_type=product&#038;p=269"},"modified":"2024-06-04T20:33:31","modified_gmt":"2024-06-04T18:33:31","slug":"meuble-deco-belgique","status":"publish","type":"product","link":"https:\/\/kameleo-mobilier.be\/index.php\/produit\/meuble-deco-belgique\/","title":{"rendered":"Meuble D\u00e9co Belgique"},"content":{"rendered":"","protected":false},"excerpt":{"rendered":"<p>Structure en panneaux aux couleurs de la Belgique.<\/p>\n<p>Longueur: 60cm<\/p>\n<p>Hauteur: 24cm<\/p>\n<p>Profondeur: 15cm<\/p>\n<p>Possibilit\u00e9 de le fixer au mur via 2 attaches supports ( \u00e0 pr\u00e9ciser \u00e0 la commande )<\/p>\n","protected":false},"featured_media":272,"comment_status":"open","ping_status":"closed","template":"","meta":[],"product_brand":[],"product_cat":[25],"product_tag":[],"class_list":{"0":"post-269","1":"product","2":"type-product","3":"status-publish","4":"has-post-thumbnail","6":"product_cat-deco","8":"first","9":"instock","10":"shipping-taxable","11":"purchasable","12":"product-type-simple"},"_links":{"self":[{"href":"https:\/\/kameleo-mobilier.be\/index.php\/wp-json\/wp\/v2\/product\/269","targetHints":{"allow":["GET"]}}],"collection":[{"href":"https:\/\/kameleo-mobilier.be\/index.php\/wp-json\/wp\/v2\/product"}],"about":[{"href":"https:\/\/kameleo-mobilier.be\/index.php\/wp-json\/wp\/v2\/types\/product"}],"replies":[{"embeddable":true,"href":"https:\/\/kameleo-mobilier.be\/index.php\/wp-json\/wp\/v2\/comments?post=269"}],"wp:featuredmedia":[{"embeddable":true,"href":"https:\/\/kameleo-mobilier.be\/index.php\/wp-json\/wp\/v2\/media\/272"}],"wp:attachment":[{"href":"https:\/\/kameleo-mobilier.be\/index.php\/wp-json\/wp\/v2\/media?parent=269"}],"wp:term":[{"taxonomy":"product_brand","embeddable":true,"href":"https:\/\/kameleo-mobilier.be\/index.php\/wp-json\/wp\/v2\/product_brand?post=269"},{"taxonomy":"product_cat","embeddable":true,"href":"https:\/\/kameleo-mobilier.be\/index.php\/wp-json\/wp\/v2\/product_cat?post=269"},{"taxonomy":"product_tag","embeddable":true,"href":"https:\/\/kameleo-mobilier.be\/index.php\/wp-json\/wp\/v2\/product_tag?post=269"}],"curies":[{"name":"wp","href":"https:\/\/api.w.org\/{rel}","templated":true}]}}