{"id":241,"date":"2024-03-10T12:00:59","date_gmt":"2024-03-10T11:00:59","guid":{"rendered":"https:\/\/kameleo-mobilier.be\/?post_type=product&#038;p=241"},"modified":"2024-06-24T20:17:51","modified_gmt":"2024-06-24T18:17:51","slug":"miroir","status":"publish","type":"product","link":"https:\/\/kameleo-mobilier.be\/index.php\/produit\/miroir\/","title":{"rendered":"Miroir"},"content":{"rendered":"","protected":false},"excerpt":{"rendered":"<div>Structure en ch\u00eane massif avec panneau color\u00e9 gris ou \u00e0 choisir.<\/div>\n<div><\/div>\n<div>Miroir d\u00e9cal\u00e9.<\/div>\n<div><\/div>\n<div>Longueur: 80cm<\/div>\n<div>Hauteur: 65cm<\/div>\n","protected":false},"featured_media":242,"comment_status":"open","ping_status":"closed","template":"","meta":[],"product_brand":[],"product_cat":[25],"product_tag":[],"class_list":{"0":"post-241","1":"product","2":"type-product","3":"status-publish","4":"has-post-thumbnail","6":"product_cat-deco","8":"first","9":"instock","10":"shipping-taxable","11":"purchasable","12":"product-type-simple"},"_links":{"self":[{"href":"https:\/\/kameleo-mobilier.be\/index.php\/wp-json\/wp\/v2\/product\/241","targetHints":{"allow":["GET"]}}],"collection":[{"href":"https:\/\/kameleo-mobilier.be\/index.php\/wp-json\/wp\/v2\/product"}],"about":[{"href":"https:\/\/kameleo-mobilier.be\/index.php\/wp-json\/wp\/v2\/types\/product"}],"replies":[{"embeddable":true,"href":"https:\/\/kameleo-mobilier.be\/index.php\/wp-json\/wp\/v2\/comments?post=241"}],"wp:featuredmedia":[{"embeddable":true,"href":"https:\/\/kameleo-mobilier.be\/index.php\/wp-json\/wp\/v2\/media\/242"}],"wp:attachment":[{"href":"https:\/\/kameleo-mobilier.be\/index.php\/wp-json\/wp\/v2\/media?parent=241"}],"wp:term":[{"taxonomy":"product_brand","embeddable":true,"href":"https:\/\/kameleo-mobilier.be\/index.php\/wp-json\/wp\/v2\/product_brand?post=241"},{"taxonomy":"product_cat","embeddable":true,"href":"https:\/\/kameleo-mobilier.be\/index.php\/wp-json\/wp\/v2\/product_cat?post=241"},{"taxonomy":"product_tag","embeddable":true,"href":"https:\/\/kameleo-mobilier.be\/index.php\/wp-json\/wp\/v2\/product_tag?post=241"}],"curies":[{"name":"wp","href":"https:\/\/api.w.org\/{rel}","templated":true}]}}