{"id":238,"date":"2024-03-10T11:59:45","date_gmt":"2024-03-10T10:59:45","guid":{"rendered":"https:\/\/kameleo-mobilier.be\/?post_type=product&#038;p=238"},"modified":"2024-03-10T12:08:00","modified_gmt":"2024-03-10T11:08:00","slug":"bloc-deco","status":"publish","type":"product","link":"https:\/\/kameleo-mobilier.be\/index.php\/produit\/bloc-deco\/","title":{"rendered":"Bloc d\u00e9co"},"content":{"rendered":"","protected":false},"excerpt":{"rendered":"<div>D\u00e9coration en ch\u00eane massif d\u00e9cal\u00e9e.<\/div>\n<div><\/div>\n<div>Prix 325\u20ac<\/div>\n","protected":false},"featured_media":239,"comment_status":"open","ping_status":"closed","template":"","meta":[],"product_brand":[],"product_cat":[25],"product_tag":[],"class_list":{"0":"post-238","1":"product","2":"type-product","3":"status-publish","4":"has-post-thumbnail","6":"product_cat-deco","8":"first","9":"instock","10":"shipping-taxable","11":"purchasable","12":"product-type-simple"},"_links":{"self":[{"href":"https:\/\/kameleo-mobilier.be\/index.php\/wp-json\/wp\/v2\/product\/238","targetHints":{"allow":["GET"]}}],"collection":[{"href":"https:\/\/kameleo-mobilier.be\/index.php\/wp-json\/wp\/v2\/product"}],"about":[{"href":"https:\/\/kameleo-mobilier.be\/index.php\/wp-json\/wp\/v2\/types\/product"}],"replies":[{"embeddable":true,"href":"https:\/\/kameleo-mobilier.be\/index.php\/wp-json\/wp\/v2\/comments?post=238"}],"wp:featuredmedia":[{"embeddable":true,"href":"https:\/\/kameleo-mobilier.be\/index.php\/wp-json\/wp\/v2\/media\/239"}],"wp:attachment":[{"href":"https:\/\/kameleo-mobilier.be\/index.php\/wp-json\/wp\/v2\/media?parent=238"}],"wp:term":[{"taxonomy":"product_brand","embeddable":true,"href":"https:\/\/kameleo-mobilier.be\/index.php\/wp-json\/wp\/v2\/product_brand?post=238"},{"taxonomy":"product_cat","embeddable":true,"href":"https:\/\/kameleo-mobilier.be\/index.php\/wp-json\/wp\/v2\/product_cat?post=238"},{"taxonomy":"product_tag","embeddable":true,"href":"https:\/\/kameleo-mobilier.be\/index.php\/wp-json\/wp\/v2\/product_tag?post=238"}],"curies":[{"name":"wp","href":"https:\/\/api.w.org\/{rel}","templated":true}]}}