{"id":252,"date":"2024-03-10T12:16:49","date_gmt":"2024-03-10T11:16:49","guid":{"rendered":"https:\/\/kameleo-mobilier.be\/?page_id=252"},"modified":"2024-03-10T12:20:49","modified_gmt":"2024-03-10T11:20:49","slug":"livraisons","status":"publish","type":"page","link":"https:\/\/kameleo-mobilier.be\/index.php\/livraisons\/","title":{"rendered":"Livraisons"},"content":{"rendered":"\t\t<div data-elementor-type=\"wp-page\" data-elementor-id=\"252\" class=\"elementor elementor-252\">\n\t\t\t\t<div class=\"elementor-element elementor-element-edfe009 e-flex e-con-boxed wpr-particle-no wpr-jarallax-no wpr-parallax-no wpr-sticky-section-no e-con e-parent\" data-id=\"edfe009\" data-element_type=\"container\">\n\t\t\t\t\t<div class=\"e-con-inner\">\n\t\t\t\t<div class=\"elementor-element elementor-element-7dbcdb5 elementor-widget elementor-widget-text-editor\" data-id=\"7dbcdb5\" data-element_type=\"widget\" data-widget_type=\"text-editor.default\">\n\t\t\t\t<div class=\"elementor-widget-container\">\n\t\t\t\t\t\t\t\t\t<p>D\u00e9couvrez le privil\u00e8ge d&rsquo;une livraison sur mesure pour vos r\u00e9alisations en bois \u00e0 travers toute la province de Li\u00e8ge et au-del\u00e0. Chez nous, votre satisfaction est notre priorit\u00e9 absolue, c&rsquo;est pourquoi nous offrons la livraison <strong>gratuite<\/strong> pour toute commande d\u00e9passant<strong> 500\u20ac<\/strong> dans la province de <strong>Li\u00e8ge<\/strong>.<\/p><p>Que vous r\u00e9sidiez \u00e0 Li\u00e8ge, Herstal, Verviers, ou n&rsquo;importe o\u00f9 ailleurs dans la province, vos cr\u00e9ations en bois vous parviendront sans frais suppl\u00e9mentaires, directement \u00e0 votre porte. Profitez de cette offre exceptionnelle pour embellir votre int\u00e9rieur avec nos magnifiques rangements en bois, sans vous soucier des frais de livraison.<\/p><p>Pour nos clients en dehors de la province de Li\u00e8ge, la livraison est \u00e9galement disponible sur demande. Quelle que soit votre localisation dans le pays, nous nous effor\u00e7ons de r\u00e9pondre \u00e0 vos besoins en mati\u00e8re de livraison. <a href=\"https:\/\/kameleo-mobilier.be\/index.php\/contactus\/\">Contactez-nous<\/a> pour obtenir un devis personnalis\u00e9 et b\u00e9n\u00e9ficier de la m\u00eame qualit\u00e9 de service que nos clients li\u00e9geois.<\/p><p>Ne laissez pas la distance vous emp\u00eacher de profiter de nos cr\u00e9ations uniques en bois. Faites confiance \u00e0 notre \u00e9quipe pour vous offrir une exp\u00e9rience de livraison sans tracas, o\u00f9 que vous soyez dans le pays. Commandez d\u00e8s aujourd&rsquo;hui et laissez-nous prendre soin du reste, afin que vous puissiez savourer la beaut\u00e9 du bois dans le confort de votre foyer.<\/p><p>\u00a0<\/p>\t\t\t\t\t\t\t\t<\/div>\n\t\t\t\t<\/div>\n\t\t\t\t\t<\/div>\n\t\t\t\t<\/div>\n\t\t<div class=\"elementor-element elementor-element-3fb0174 e-flex e-con-boxed wpr-particle-no wpr-jarallax-no wpr-parallax-no wpr-sticky-section-no e-con e-parent\" data-id=\"3fb0174\" data-element_type=\"container\">\n\t\t\t\t\t<div class=\"e-con-inner\">\n\t\t\t\t<div class=\"elementor-element elementor-element-a3eea42 elementor-widget elementor-widget-google_maps\" data-id=\"a3eea42\" data-element_type=\"widget\" data-widget_type=\"google_maps.default\">\n\t\t\t\t<div class=\"elementor-widget-container\">\n\t\t\t\t\t\t\t<div class=\"elementor-custom-embed\">\n\t\t\t<iframe loading=\"lazy\"\n\t\t\t\t\tsrc=\"https:\/\/maps.google.com\/maps?q=Li%C3%A8ge&#038;t=m&#038;z=10&#038;output=embed&#038;iwloc=near\"\n\t\t\t\t\ttitle=\"Li\u00e8ge\"\n\t\t\t\t\taria-label=\"Li\u00e8ge\"\n\t\t\t><\/iframe>\n\t\t<\/div>\n\t\t\t\t\t\t<\/div>\n\t\t\t\t<\/div>\n\t\t\t\t\t<\/div>\n\t\t\t\t<\/div>\n\t\t\t\t<\/div>\n\t\t","protected":false},"excerpt":{"rendered":"<p>D\u00e9couvrez le privil\u00e8ge d&rsquo;une livraison sur mesure pour vos r\u00e9alisations en bois \u00e0 travers toute la province de Li\u00e8ge et&hellip;<\/p>\n","protected":false},"author":1,"featured_media":0,"parent":0,"menu_order":0,"comment_status":"closed","ping_status":"closed","template":"","meta":{"footnotes":""},"class_list":["post-252","page","type-page","status-publish","hentry"],"_links":{"self":[{"href":"https:\/\/kameleo-mobilier.be\/index.php\/wp-json\/wp\/v2\/pages\/252","targetHints":{"allow":["GET"]}}],"collection":[{"href":"https:\/\/kameleo-mobilier.be\/index.php\/wp-json\/wp\/v2\/pages"}],"about":[{"href":"https:\/\/kameleo-mobilier.be\/index.php\/wp-json\/wp\/v2\/types\/page"}],"author":[{"embeddable":true,"href":"https:\/\/kameleo-mobilier.be\/index.php\/wp-json\/wp\/v2\/users\/1"}],"replies":[{"embeddable":true,"href":"https:\/\/kameleo-mobilier.be\/index.php\/wp-json\/wp\/v2\/comments?post=252"}],"version-history":[{"count":7,"href":"https:\/\/kameleo-mobilier.be\/index.php\/wp-json\/wp\/v2\/pages\/252\/revisions"}],"predecessor-version":[{"id":261,"href":"https:\/\/kameleo-mobilier.be\/index.php\/wp-json\/wp\/v2\/pages\/252\/revisions\/261"}],"wp:attachment":[{"href":"https:\/\/kameleo-mobilier.be\/index.php\/wp-json\/wp\/v2\/media?parent=252"}],"curies":[{"name":"wp","href":"https:\/\/api.w.org\/{rel}","templated":true}]}}