{"id":226,"date":"2024-03-10T11:39:28","date_gmt":"2024-03-10T10:39:28","guid":{"rendered":"https:\/\/kameleo-mobilier.be\/?page_id=226"},"modified":"2024-03-10T11:42:06","modified_gmt":"2024-03-10T10:42:06","slug":"notre-concept","status":"publish","type":"page","link":"https:\/\/kameleo-mobilier.be\/index.php\/notre-concept\/","title":{"rendered":"Notre Concept"},"content":{"rendered":"\t\t<div data-elementor-type=\"wp-page\" data-elementor-id=\"226\" class=\"elementor elementor-226\">\n\t\t\t\t<div class=\"elementor-element elementor-element-861818f e-flex e-con-boxed wpr-particle-no wpr-jarallax-no wpr-parallax-no wpr-sticky-section-no e-con e-parent\" data-id=\"861818f\" data-element_type=\"container\">\n\t\t\t\t\t<div class=\"e-con-inner\">\n\t\t\t\t<div class=\"elementor-element elementor-element-e9b1f31 elementor-widget elementor-widget-text-editor\" data-id=\"e9b1f31\" data-element_type=\"widget\" data-widget_type=\"text-editor.default\">\n\t\t\t\t<div class=\"elementor-widget-container\">\n\t\t\t\t\t\t\t\t\t<div><strong>Kameleo<\/strong> est une marque cr\u00e9\u00e9e par <a href=\"https:\/\/sotravo.be\/\" target=\"_blank\" rel=\"noopener\">SOTRAVO.be<\/a> menuiserie. Ceci dans le but de commercialiser du mobilier, r\u00e9alis\u00e9 de mani\u00e8re artisanale.<\/div><div>\u00a0<\/div><div>Des cr\u00e9ations uniques ou mini s\u00e9ries, imagin\u00e9es en fonction de notre exp\u00e9rience dans le domaine de la menuiserie.<\/div><div>\u00a0<\/div><div>Vous aimez nos cr\u00e9ations et souhaitez les adapter \u00e0 vos envies? Cr\u00e9ons, ensemble, votre mobilier!<\/div><div>\u00a0<\/div><div>Choix des couleurs, dimensions et conseils adapt\u00e9s! Contactez &#8211; nous!<\/div>\t\t\t\t\t\t\t\t<\/div>\n\t\t\t\t<\/div>\n\t\t\t\t\t<\/div>\n\t\t\t\t<\/div>\n\t\t\t\t<\/div>\n\t\t","protected":false},"excerpt":{"rendered":"<p>Kameleo est une marque cr\u00e9\u00e9e par SOTRAVO.be menuiserie. Ceci dans le but de commercialiser du mobilier, r\u00e9alis\u00e9 de mani\u00e8re artisanale.\u00a0Des&hellip;<\/p>\n","protected":false},"author":1,"featured_media":0,"parent":0,"menu_order":0,"comment_status":"closed","ping_status":"closed","template":"","meta":{"footnotes":""},"class_list":["post-226","page","type-page","status-publish","hentry"],"_links":{"self":[{"href":"https:\/\/kameleo-mobilier.be\/index.php\/wp-json\/wp\/v2\/pages\/226","targetHints":{"allow":["GET"]}}],"collection":[{"href":"https:\/\/kameleo-mobilier.be\/index.php\/wp-json\/wp\/v2\/pages"}],"about":[{"href":"https:\/\/kameleo-mobilier.be\/index.php\/wp-json\/wp\/v2\/types\/page"}],"author":[{"embeddable":true,"href":"https:\/\/kameleo-mobilier.be\/index.php\/wp-json\/wp\/v2\/users\/1"}],"replies":[{"embeddable":true,"href":"https:\/\/kameleo-mobilier.be\/index.php\/wp-json\/wp\/v2\/comments?post=226"}],"version-history":[{"count":4,"href":"https:\/\/kameleo-mobilier.be\/index.php\/wp-json\/wp\/v2\/pages\/226\/revisions"}],"predecessor-version":[{"id":230,"href":"https:\/\/kameleo-mobilier.be\/index.php\/wp-json\/wp\/v2\/pages\/226\/revisions\/230"}],"wp:attachment":[{"href":"https:\/\/kameleo-mobilier.be\/index.php\/wp-json\/wp\/v2\/media?parent=226"}],"curies":[{"name":"wp","href":"https:\/\/api.w.org\/{rel}","templated":true}]}}