{"id":179,"date":"2023-12-10T18:08:39","date_gmt":"2023-12-10T17:08:39","guid":{"rendered":"https:\/\/kameleo-mobilier.be\/?page_id=179"},"modified":"2023-12-10T18:37:18","modified_gmt":"2023-12-10T17:37:18","slug":"kameleo-2","status":"publish","type":"page","link":"https:\/\/kameleo-mobilier.be\/index.php\/kameleo-2\/","title":{"rendered":"Kameleo"},"content":{"rendered":"\t\t<div data-elementor-type=\"wp-page\" data-elementor-id=\"179\" class=\"elementor elementor-179\">\n\t\t\t\t<div class=\"elementor-element elementor-element-952d626 e-flex e-con-boxed wpr-particle-no wpr-jarallax-no wpr-parallax-no wpr-sticky-section-no e-con e-parent\" data-id=\"952d626\" data-element_type=\"container\">\n\t\t\t\t\t<div class=\"e-con-inner\">\n\t\t<div class=\"elementor-element elementor-element-687592d e-con-full e-flex wpr-particle-no wpr-jarallax-no wpr-parallax-no wpr-sticky-section-no e-con e-child\" data-id=\"687592d\" data-element_type=\"container\">\n\t\t\t\t<div class=\"elementor-element elementor-element-2ae3556 elementor-widget elementor-widget-image\" data-id=\"2ae3556\" data-element_type=\"widget\" data-widget_type=\"image.default\">\n\t\t\t\t<div class=\"elementor-widget-container\">\n\t\t\t\t\t\t\t\t\t\t\t\t\t\t\t<img fetchpriority=\"high\" decoding=\"async\" width=\"1536\" height=\"1024\" src=\"https:\/\/kameleo-mobilier.be\/wp-content\/uploads\/2023\/12\/austin-ramsey-nmXi-HCD_F8-unsplash-1536x1024.jpg\" class=\"attachment-1536x1536 size-1536x1536 wp-image-187\" alt=\"\" srcset=\"https:\/\/kameleo-mobilier.be\/wp-content\/uploads\/2023\/12\/austin-ramsey-nmXi-HCD_F8-unsplash-1536x1024.jpg 1536w, https:\/\/kameleo-mobilier.be\/wp-content\/uploads\/2023\/12\/austin-ramsey-nmXi-HCD_F8-unsplash-300x200.jpg 300w, https:\/\/kameleo-mobilier.be\/wp-content\/uploads\/2023\/12\/austin-ramsey-nmXi-HCD_F8-unsplash-1024x683.jpg 1024w, https:\/\/kameleo-mobilier.be\/wp-content\/uploads\/2023\/12\/austin-ramsey-nmXi-HCD_F8-unsplash-768x512.jpg 768w, https:\/\/kameleo-mobilier.be\/wp-content\/uploads\/2023\/12\/austin-ramsey-nmXi-HCD_F8-unsplash-2048x1365.jpg 2048w, https:\/\/kameleo-mobilier.be\/wp-content\/uploads\/2023\/12\/austin-ramsey-nmXi-HCD_F8-unsplash-600x400.jpg 600w\" sizes=\"(max-width: 1536px) 100vw, 1536px\" \/>\t\t\t\t\t\t\t\t\t\t\t\t\t\t\t<\/div>\n\t\t\t\t<\/div>\n\t\t\t\t<\/div>\n\t\t<div class=\"elementor-element elementor-element-d1e414b e-con-full e-flex wpr-particle-no wpr-jarallax-no wpr-parallax-no wpr-sticky-section-no e-con e-child\" data-id=\"d1e414b\" data-element_type=\"container\">\n\t\t\t\t<div class=\"elementor-element elementor-element-6aa209b elementor-widget elementor-widget-text-editor\" data-id=\"6aa209b\" data-element_type=\"widget\" data-widget_type=\"text-editor.default\">\n\t\t\t\t<div class=\"elementor-widget-container\">\n\t\t\t\t\t\t\t\t\t<p>D\u00e9couvrez l&rsquo;\u00e2me derri\u00e8re chaque cr\u00e9ation, nous sommes passionn\u00e9 par l&rsquo;art de transformer le bois en pi\u00e8ces uniques. Avec un savoir-faire artisanal nous combinons expertise traditionnelle et innovation contemporaine pour donner vie \u00e0 des meubles t\u00e9l\u00e9vision, des tables de salon, et des armoires de rangement d&rsquo;une beaut\u00e9 exceptionnelle.<\/p><p>Chaque pi\u00e8ce est le fruit d&rsquo;une attention minutieuse aux d\u00e9tails et d&rsquo;une passion d\u00e9bordante pour l&rsquo;art du bois, incarnant ainsi l&rsquo;essence m\u00eame du travail artisanal authentique et de la qualit\u00e9 in\u00e9gal\u00e9e.<\/p><p>En plus de notre collection , nous sommes d\u00e9vou\u00e9s \u00e0 concr\u00e9tiser vos r\u00eaves en cr\u00e9ant des pi\u00e8ces sur mesure, adapt\u00e9es \u00e0 votre vision personnelle. Que ce soit pour donner vie \u00e0 un projet sp\u00e9cifique pour votre salon, une table unique pour un espace de vie particulier, ou une armoire parfaitement ajust\u00e9e \u00e0 vos besoins.<\/p><p>Avec une \u00e9coute attentive et notre savoir-faire, chaque projet personnalis\u00e9 devient une r\u00e9alit\u00e9 taill\u00e9e sur mesure, offrant ainsi non seulement des meubles uniques, mais aussi une histoire authentique \u00e0 votre int\u00e9rieur.<\/p>\t\t\t\t\t\t\t\t<\/div>\n\t\t\t\t<\/div>\n\t\t\t\t<\/div>\n\t\t\t\t\t<\/div>\n\t\t\t\t<\/div>\n\t\t<div class=\"elementor-element elementor-element-27ac4c9 e-flex e-con-boxed wpr-particle-no wpr-jarallax-no wpr-parallax-no wpr-sticky-section-no e-con e-parent\" data-id=\"27ac4c9\" data-element_type=\"container\">\n\t\t\t\t\t<div class=\"e-con-inner\">\n\t\t<div class=\"elementor-element elementor-element-2e2b00f e-con-full e-flex wpr-particle-no wpr-jarallax-no wpr-parallax-no wpr-sticky-section-no e-con e-child\" data-id=\"2e2b00f\" data-element_type=\"container\">\n\t\t\t\t<div class=\"elementor-element elementor-element-64eae42 elementor-widget elementor-widget-testimonial\" data-id=\"64eae42\" data-element_type=\"widget\" data-widget_type=\"testimonial.default\">\n\t\t\t\t<div class=\"elementor-widget-container\">\n\t\t\t\t\t\t\t<div class=\"elementor-testimonial-wrapper\">\n\t\t\t\t\t\t\t<div class=\"elementor-testimonial-content\">J'ai demand\u00e9 \u00e0 Fabian de moderniser mon salon avec quelques nouvelles pi\u00e8ces, c'est superbe !<\/div>\n\t\t\t\n\t\t\t\t\t\t<div class=\"elementor-testimonial-meta elementor-has-image elementor-testimonial-image-position-aside\">\n\t\t\t\t<div class=\"elementor-testimonial-meta-inner\">\n\t\t\t\t\t\t\t\t\t\t\t<div class=\"elementor-testimonial-image\">\n\t\t\t\t\t\t\t<img decoding=\"async\" width=\"640\" height=\"960\" src=\"https:\/\/kameleo-mobilier.be\/wp-content\/uploads\/2023\/12\/michael-dam-mEZ3PoFGs_k-unsplash.jpg\" class=\"attachment-full size-full wp-image-207\" alt=\"\" srcset=\"https:\/\/kameleo-mobilier.be\/wp-content\/uploads\/2023\/12\/michael-dam-mEZ3PoFGs_k-unsplash.jpg 640w, https:\/\/kameleo-mobilier.be\/wp-content\/uploads\/2023\/12\/michael-dam-mEZ3PoFGs_k-unsplash-200x300.jpg 200w, https:\/\/kameleo-mobilier.be\/wp-content\/uploads\/2023\/12\/michael-dam-mEZ3PoFGs_k-unsplash-600x900.jpg 600w\" sizes=\"(max-width: 640px) 100vw, 640px\" \/>\t\t\t\t\t\t<\/div>\n\t\t\t\t\t\n\t\t\t\t\t\t\t\t\t\t<div class=\"elementor-testimonial-details\">\n\t\t\t\t\t\t\t\t\t\t\t\t\t\t<div class=\"elementor-testimonial-name\">Jacqueline<\/div>\n\t\t\t\t\t\t\t\t\t\t\t\t\t\t\t\t\t\t\t<\/div>\n\t\t\t\t\t\t\t\t\t<\/div>\n\t\t\t<\/div>\n\t\t\t\t\t<\/div>\n\t\t\t\t\t\t<\/div>\n\t\t\t\t<\/div>\n\t\t\t\t<\/div>\n\t\t<div class=\"elementor-element elementor-element-725c91e e-con-full e-flex wpr-particle-no wpr-jarallax-no wpr-parallax-no wpr-sticky-section-no e-con e-child\" data-id=\"725c91e\" data-element_type=\"container\">\n\t\t\t\t<div class=\"elementor-element elementor-element-af271f4 elementor-widget elementor-widget-testimonial\" data-id=\"af271f4\" data-element_type=\"widget\" data-widget_type=\"testimonial.default\">\n\t\t\t\t<div class=\"elementor-widget-container\">\n\t\t\t\t\t\t\t<div class=\"elementor-testimonial-wrapper\">\n\t\t\t\t\t\t\t<div class=\"elementor-testimonial-content\">Fabian n'h\u00e9site jamais \u00e0 prendre le temps de nous \u00e9couter quand nous imaginons une nouvelle chose<\/div>\n\t\t\t\n\t\t\t\t\t\t<div class=\"elementor-testimonial-meta elementor-has-image elementor-testimonial-image-position-aside\">\n\t\t\t\t<div class=\"elementor-testimonial-meta-inner\">\n\t\t\t\t\t\t\t\t\t\t\t<div class=\"elementor-testimonial-image\">\n\t\t\t\t\t\t\t<img decoding=\"async\" width=\"640\" height=\"960\" src=\"https:\/\/kameleo-mobilier.be\/wp-content\/uploads\/2023\/12\/jurica-koletic-7YVZYZeITc8-unsplash.jpg\" class=\"attachment-full size-full wp-image-208\" alt=\"\" srcset=\"https:\/\/kameleo-mobilier.be\/wp-content\/uploads\/2023\/12\/jurica-koletic-7YVZYZeITc8-unsplash.jpg 640w, https:\/\/kameleo-mobilier.be\/wp-content\/uploads\/2023\/12\/jurica-koletic-7YVZYZeITc8-unsplash-200x300.jpg 200w, https:\/\/kameleo-mobilier.be\/wp-content\/uploads\/2023\/12\/jurica-koletic-7YVZYZeITc8-unsplash-600x900.jpg 600w\" sizes=\"(max-width: 640px) 100vw, 640px\" \/>\t\t\t\t\t\t<\/div>\n\t\t\t\t\t\n\t\t\t\t\t\t\t\t\t\t<div class=\"elementor-testimonial-details\">\n\t\t\t\t\t\t\t\t\t\t\t\t\t\t<div class=\"elementor-testimonial-name\">Claude<\/div>\n\t\t\t\t\t\t\t\t\t\t\t\t\t\t\t\t\t\t\t<\/div>\n\t\t\t\t\t\t\t\t\t<\/div>\n\t\t\t<\/div>\n\t\t\t\t\t<\/div>\n\t\t\t\t\t\t<\/div>\n\t\t\t\t<\/div>\n\t\t\t\t<\/div>\n\t\t<div class=\"elementor-element elementor-element-551f060 e-con-full e-flex wpr-particle-no wpr-jarallax-no wpr-parallax-no wpr-sticky-section-no e-con e-child\" data-id=\"551f060\" data-element_type=\"container\">\n\t\t\t\t<div class=\"elementor-element elementor-element-51ac556 elementor-widget elementor-widget-testimonial\" data-id=\"51ac556\" data-element_type=\"widget\" data-widget_type=\"testimonial.default\">\n\t\t\t\t<div class=\"elementor-widget-container\">\n\t\t\t\t\t\t\t<div class=\"elementor-testimonial-wrapper\">\n\t\t\t\t\t\t\t<div class=\"elementor-testimonial-content\">J'ai \u00e9t\u00e9 \u00e9pat\u00e9 par le talent de Fabian, c'est vraiment un tr\u00e8s beau travail.<\/div>\n\t\t\t\n\t\t\t\t\t\t<div class=\"elementor-testimonial-meta elementor-has-image elementor-testimonial-image-position-aside\">\n\t\t\t\t<div class=\"elementor-testimonial-meta-inner\">\n\t\t\t\t\t\t\t\t\t\t\t<div class=\"elementor-testimonial-image\">\n\t\t\t\t\t\t\t<img loading=\"lazy\" decoding=\"async\" width=\"640\" height=\"960\" src=\"https:\/\/kameleo-mobilier.be\/wp-content\/uploads\/2023\/12\/radu-florin-JyVcAIUAcPM-unsplash.jpg\" class=\"attachment-full size-full wp-image-209\" alt=\"\" srcset=\"https:\/\/kameleo-mobilier.be\/wp-content\/uploads\/2023\/12\/radu-florin-JyVcAIUAcPM-unsplash.jpg 640w, https:\/\/kameleo-mobilier.be\/wp-content\/uploads\/2023\/12\/radu-florin-JyVcAIUAcPM-unsplash-200x300.jpg 200w, https:\/\/kameleo-mobilier.be\/wp-content\/uploads\/2023\/12\/radu-florin-JyVcAIUAcPM-unsplash-600x900.jpg 600w\" sizes=\"(max-width: 640px) 100vw, 640px\" \/>\t\t\t\t\t\t<\/div>\n\t\t\t\t\t\n\t\t\t\t\t\t\t\t\t\t<div class=\"elementor-testimonial-details\">\n\t\t\t\t\t\t\t\t\t\t\t\t\t\t<div class=\"elementor-testimonial-name\">S\u00e9bastien<\/div>\n\t\t\t\t\t\t\t\t\t\t\t\t\t\t\t\t\t\t\t<\/div>\n\t\t\t\t\t\t\t\t\t<\/div>\n\t\t\t<\/div>\n\t\t\t\t\t<\/div>\n\t\t\t\t\t\t<\/div>\n\t\t\t\t<\/div>\n\t\t\t\t<\/div>\n\t\t<div class=\"elementor-element elementor-element-3a838fa e-con-full e-flex wpr-particle-no wpr-jarallax-no wpr-parallax-no wpr-sticky-section-no e-con e-child\" data-id=\"3a838fa\" data-element_type=\"container\">\n\t\t\t\t<div class=\"elementor-element elementor-element-cce9076 elementor-widget elementor-widget-testimonial\" data-id=\"cce9076\" data-element_type=\"widget\" data-widget_type=\"testimonial.default\">\n\t\t\t\t<div class=\"elementor-widget-container\">\n\t\t\t\t\t\t\t<div class=\"elementor-testimonial-wrapper\">\n\t\t\t\t\t\t\t<div class=\"elementor-testimonial-content\">J'adore mon nouveau meuble de salon, je peux enfin regarder \"plus belle la vie\" avec classe !<\/div>\n\t\t\t\n\t\t\t\t\t\t<div class=\"elementor-testimonial-meta elementor-has-image elementor-testimonial-image-position-aside\">\n\t\t\t\t<div class=\"elementor-testimonial-meta-inner\">\n\t\t\t\t\t\t\t\t\t\t\t<div class=\"elementor-testimonial-image\">\n\t\t\t\t\t\t\t<img loading=\"lazy\" decoding=\"async\" width=\"640\" height=\"931\" src=\"https:\/\/kameleo-mobilier.be\/wp-content\/uploads\/2023\/12\/craig-mckay-jmURdhtm7Ng-unsplash.jpg\" class=\"attachment-full size-full wp-image-210\" alt=\"\" srcset=\"https:\/\/kameleo-mobilier.be\/wp-content\/uploads\/2023\/12\/craig-mckay-jmURdhtm7Ng-unsplash.jpg 640w, https:\/\/kameleo-mobilier.be\/wp-content\/uploads\/2023\/12\/craig-mckay-jmURdhtm7Ng-unsplash-206x300.jpg 206w, https:\/\/kameleo-mobilier.be\/wp-content\/uploads\/2023\/12\/craig-mckay-jmURdhtm7Ng-unsplash-600x873.jpg 600w\" sizes=\"(max-width: 640px) 100vw, 640px\" \/>\t\t\t\t\t\t<\/div>\n\t\t\t\t\t\n\t\t\t\t\t\t\t\t\t\t<div class=\"elementor-testimonial-details\">\n\t\t\t\t\t\t\t\t\t\t\t\t\t\t<div class=\"elementor-testimonial-name\">Marcel<\/div>\n\t\t\t\t\t\t\t\t\t\t\t\t\t\t\t\t\t\t\t<\/div>\n\t\t\t\t\t\t\t\t\t<\/div>\n\t\t\t<\/div>\n\t\t\t\t\t<\/div>\n\t\t\t\t\t\t<\/div>\n\t\t\t\t<\/div>\n\t\t\t\t<\/div>\n\t\t\t\t\t<\/div>\n\t\t\t\t<\/div>\n\t\t<div class=\"elementor-element elementor-element-cb53e81 e-flex e-con-boxed wpr-particle-no wpr-jarallax-no wpr-parallax-no wpr-sticky-section-no e-con e-parent\" data-id=\"cb53e81\" data-element_type=\"container\">\n\t\t\t\t\t<div class=\"e-con-inner\">\n\t\t\t\t<div class=\"elementor-element elementor-element-ac37de1 wpr-button-icon-style-inline wpr-button-icon-position-right elementor-widget elementor-widget-wpr-button\" data-id=\"ac37de1\" data-element_type=\"widget\" data-widget_type=\"wpr-button.default\">\n\t\t\t\t<div class=\"elementor-widget-container\">\n\t\t\t\t\t\t\n\t\t\t\n\t\t\n\t\t<div class=\"wpr-button-wrap elementor-clearfix\">\n\t\t<a class=\"wpr-button wpr-button-effect wpr-button-none\" data-text=\"\" href=\"https:\/\/kameleo-mobilier.be\/index.php\/contactus\/\">\n\t\t\t\n\t\t\t<span class=\"wpr-button-content\">\n\t\t\t\t\t\t\t\t\t<span class=\"wpr-button-text\">Contactez nous<\/span>\n\t\t\t\t\t\t\t\t\n\t\t\t\t\t\t\t\t\t<span class=\"wpr-button-icon\"><i class=\"fas fa-angle-right\"><\/i><\/span>\n\t\t\t\t\t\t\t<\/span>\n\t\t<\/a>\n\n\t\t\t\t<\/div>\n\t\n\t\n\t\t\t\t\t<\/div>\n\t\t\t\t<\/div>\n\t\t\t\t\t<\/div>\n\t\t\t\t<\/div>\n\t\t\t\t<\/div>\n\t\t","protected":false},"excerpt":{"rendered":"<p>D\u00e9couvrez l&rsquo;\u00e2me derri\u00e8re chaque cr\u00e9ation, nous sommes passionn\u00e9 par l&rsquo;art de transformer le bois en pi\u00e8ces uniques. Avec un savoir-faire&hellip;<\/p>\n","protected":false},"author":1,"featured_media":0,"parent":0,"menu_order":0,"comment_status":"closed","ping_status":"closed","template":"","meta":{"footnotes":""},"class_list":["post-179","page","type-page","status-publish","hentry"],"_links":{"self":[{"href":"https:\/\/kameleo-mobilier.be\/index.php\/wp-json\/wp\/v2\/pages\/179","targetHints":{"allow":["GET"]}}],"collection":[{"href":"https:\/\/kameleo-mobilier.be\/index.php\/wp-json\/wp\/v2\/pages"}],"about":[{"href":"https:\/\/kameleo-mobilier.be\/index.php\/wp-json\/wp\/v2\/types\/page"}],"author":[{"embeddable":true,"href":"https:\/\/kameleo-mobilier.be\/index.php\/wp-json\/wp\/v2\/users\/1"}],"replies":[{"embeddable":true,"href":"https:\/\/kameleo-mobilier.be\/index.php\/wp-json\/wp\/v2\/comments?post=179"}],"version-history":[{"count":25,"href":"https:\/\/kameleo-mobilier.be\/index.php\/wp-json\/wp\/v2\/pages\/179\/revisions"}],"predecessor-version":[{"id":216,"href":"https:\/\/kameleo-mobilier.be\/index.php\/wp-json\/wp\/v2\/pages\/179\/revisions\/216"}],"wp:attachment":[{"href":"https:\/\/kameleo-mobilier.be\/index.php\/wp-json\/wp\/v2\/media?parent=179"}],"curies":[{"name":"wp","href":"https:\/\/api.w.org\/{rel}","templated":true}]}}